{"id":4746,"date":"2021-01-20T13:29:57","date_gmt":"2021-01-20T17:29:57","guid":{"rendered":"https:\/\/ciudadanoaustral.org\/web\/?page_id=4746"},"modified":"2021-04-08T12:51:09","modified_gmt":"2021-04-08T16:51:09","slug":"somos-innovacion-chile","status":"publish","type":"page","link":"https:\/\/ciudadanoaustral.org\/web\/somos-innovacion-chile\/","title":{"rendered":"Somos Innovaci\u00f3n Chile"},"content":{"rendered":"<p><a href=\"https:\/\/ciudadanoaustral.org\/web\/wp-content\/uploads\/2021\/01\/001-REGULACIONES-Y-SALUD-PUBLICA-UNA-APROXIMACION-AL-C.E.-1.pdf\"><img loading=\"lazy\" decoding=\"async\" class=\"alignnone wp-image-4798 size-portrait\" src=\"https:\/\/ciudadanoaustral.org\/web\/wp-content\/uploads\/2021\/01\/001-REGULACIONES-Y-SALUD-PUBLICA-UNA-APROXIMACION-AL-C.E.-1-440x550.jpg\" alt=\"\" width=\"440\" height=\"550\" \/><\/a><\/p>\n<p><strong>\ud83d\udce3 [IMPERDIBLE] 001 Regulaciones y Salud P\u00fablica, Una aproximaci\u00f3n al Cigarrillo Electr\u00f3nico.<\/strong><\/p>\n<p>\u00abNuevos productos se muestran como alternativas a dejar de fumar. Los denominados cigarrillos electr\u00f3nicos han estado en discusi\u00f3n durante los \u00faltimos a\u00f1os respecto a su regulaci\u00f3n y c\u00f3mo &#8216;de una u otra manera&#8217; pueden afectar a la salud p\u00fablica en Chile\u00bb<!--more--><\/p>\n<p>\ud83e\uddf7 Desde Fundaci\u00f3n Ciudadano Austral y la alianza para Latinoam\u00e9rica Somos Innovaci\u00f3n te invitamos a descargar nuestra minuta sobre el tema en cuesti\u00f3n en el siguiente enlace:<\/p>\n<p><a href=\"https:\/\/ciudadanoaustral.org\/web\/wp-content\/uploads\/2021\/01\/001-REGULACIONES-Y-SALUD-PUBLICA-UNA-APROXIMACION-AL-C.E.-1.pdf\">001 REGULACIONES Y SALUD P\u00daBLICA &#8211; UNA APROXIMACI\u00d3N AL C.E.<\/a><\/p>\n<p>&nbsp;<\/p>\n<p><a href=\"https:\/\/drive.google.com\/file\/d\/1rVipnTtlbgPuzP6WyZmi1p3cbDWiSjc0\/view?usp=sharing\"><img loading=\"lazy\" decoding=\"async\" class=\"alignnone wp-image-4791 size-portrait\" src=\"https:\/\/ciudadanoaustral.org\/web\/wp-content\/uploads\/2021\/01\/002-INDUSTRIA-PETROLERA-Y-ROBOTICA-1-440x550.jpg\" alt=\"\" width=\"440\" height=\"550\" \/><\/a><\/p>\n<p>\ud83d\udce3 <strong>[IMPERDIBLE] 002 Industria petrolera y rob\u00f3tica: posibilidades para hacer de la industria energ\u00e9tica de Chile una industria 4.0.<\/strong><\/p>\n<p>\u00abLa innovaci\u00f3n en el sector petr\u00f3leo minimizar\u00e1 posibles p\u00e9rdidas humanas, y en la medida que se desarrollan tales innovaciones se reducir\u00e1n los altos costos aumentando la productividad, lo cual permite una exploraci\u00f3n m\u00e1s eficiente y segura,<!--more--> dando paso a las industrias 4.0, las cuales desarrollan y adaptan las tecnolog\u00edas digitales para su uso y maximizaci\u00f3n, como: la transferencia de datos, sensores para identificar accidentes \u2014como derrames\u2014 y la rob\u00f3tica aplicada para sustituir actividades de alto riesgo y aminorar el error humano.\u00bb<\/p>\n<p>\ud83e\uddf7 Desde Fundaci\u00f3n Ciudadano Austral y la alianza para Latinoam\u00e9rica Somos Innovaci\u00f3n te invitamos a descargar nuestra minuta sobre el tema en cuesti\u00f3n en el siguiente enlace:<\/p>\n<p><a href=\"https:\/\/ciudadanoaustral.org\/web\/wp-content\/uploads\/2021\/01\/002-INDUSTRIA-PETROLERA-Y-ROBOTICA.pdf\">002 INDUSTRIA PETROLERA Y ROB\u00d3TICA<\/a><\/p>\n<p>&nbsp;<\/p>\n<p><a href=\"https:\/\/drive.google.com\/file\/d\/18zBgFJd-gFxwLxkChwi-sKfbIfBAkg81\/view?usp=sharing\"><img loading=\"lazy\" decoding=\"async\" class=\"wp-image-4781 size-portrait alignnone\" src=\"https:\/\/ciudadanoaustral.org\/web\/wp-content\/uploads\/2021\/01\/003-El-IVA-Digital-1-440x550.jpg\" alt=\"\" width=\"440\" height=\"550\" \/><\/a><\/p>\n<p>\ud83d\udce3 <strong>[IMPERDIBLE] 003 El Impuesto de Valor Agregado digital: nueva fuente de fondos p\u00fablicos ante el avance de la digitalizaci\u00f3n de la econom\u00eda<\/strong><\/p>\n<p>\u00abLa digitalizaci\u00f3n ha incorporado tal volumen de transacciones econ\u00f3micas que est\u00e1 provocando un traslado significativo de operaciones que antes eran f\u00edsicas, y por tanto, de una fiscalizaci\u00f3n menos eludible, circunscrita ineludiblemente, a una jurisdicci\u00f3n tributaria y a un \u00e1mbito territorial. No obstante, ante esta traslaci\u00f3n, los gobiernos, han querido sacar provecho de la riqueza generada, por lo que reclaman una tributaci\u00f3n equitativa\u00bb.<\/p>\n<p>\ud83e\uddf7 Desde Fundaci\u00f3n Ciudadano Austral y la alianza para Latinoam\u00e9rica Somos Innovaci\u00f3n te invitamos a descargar nuestra minuta sobre el tema en cuesti\u00f3n en el siguiente enlace:<\/p>\n<p><a href=\"https:\/\/drive.google.com\/file\/d\/18zBgFJd-gFxwLxkChwi-sKfbIfBAkg81\/view?usp=sharing\">003 EL IMPUESTO DE VALOR AGREGADO DIGITAL<\/a><\/p>\n<p>&nbsp;<\/p>\n<p><img loading=\"lazy\" decoding=\"async\" class=\"alignleft wp-image-4865 size-portrait\" src=\"https:\/\/ciudadanoaustral.org\/web\/wp-content\/uploads\/2021\/03\/004-INTELIGENCIA-ARTIFICIAL-VERDE-1-440x550.jpg\" alt=\"\" width=\"440\" height=\"550\" \/><\/p>\n<p>&nbsp;<\/p>\n<p>&nbsp;<\/p>\n<p>&nbsp;<\/p>\n<p>&nbsp;<\/p>\n<p>&nbsp;<\/p>\n<p>&nbsp;<\/p>\n<p>&nbsp;<\/p>\n<p>&nbsp;<\/p>\n<p>&nbsp;<\/p>\n<p>&nbsp;<\/p>\n<p>&nbsp;<\/p>\n<p>&nbsp;<\/p>\n<p>&nbsp;<\/p>\n<p>&nbsp;<\/p>\n<p>&nbsp;<\/p>\n<p>\ud83d\udce3\u00a0<strong>[IMPERDIBLE] 004 Inteligencia artificial verde: posibilidades de la inteligencia artificial enfocada en la ecolog\u00eda de mercado para Chile.<\/strong><\/p>\n<p>\u00abLas grandes posibilidades que trae la innovaci\u00f3n con respecto a la inteligencia artificial para el mundo tiene la capacidad de revolucionar todos los aspectos de la vida de las personas. La IA resulta tan vers\u00e1til que se puede aplicar en el \u00e1mbito de la ecolog\u00eda, enfocada en la protecci\u00f3n del medio ambiente, esto significa el desarrollo de la Inteligencia Artificial Verde\u00bb.<\/p>\n<p>\ud83e\uddf7\u00a0Desde Fundaci\u00f3n Ciudadano Austral y la alianza para Latinoam\u00e9rica Somos Innovaci\u00f3n te invitamos a descargar nuestra minuta sobre el tema en cuesti\u00f3n en el siguiente enlace:<br \/>\n<a href=\"https:\/\/drive.google.com\/file\/d\/11zw1w5DtNqyftHhQxWQyCeDZ_EPRQvyM\/view?usp=sharing\">004 INTELIGENCIA ARTIFICIAL VERDE<\/a><\/p>\n<p>&nbsp;<\/p>\n<p><img loading=\"lazy\" decoding=\"async\" class=\"alignleft wp-image-4880 size-portrait\" src=\"https:\/\/ciudadanoaustral.org\/web\/wp-content\/uploads\/2021\/04\/006-SOMOS-INNOVACION-1-440x550.jpg\" alt=\"\" width=\"440\" height=\"550\" \/><\/p>\n<p>&nbsp;<\/p>\n<p>&nbsp;<\/p>\n<p>&nbsp;<\/p>\n<p>&nbsp;<\/p>\n<p>&nbsp;<\/p>\n<p>&nbsp;<\/p>\n<p>&nbsp;<\/p>\n<p>&nbsp;<\/p>\n<p>&nbsp;<\/p>\n<p>&nbsp;<\/p>\n<p>&nbsp;<\/p>\n<p>&nbsp;<\/p>\n<p>&nbsp;<\/p>\n<p>&nbsp;<\/p>\n<p>&nbsp;<\/p>\n<p>\ud83d\udce3\u00a0<strong>[IMPERDIBLE] 005 Reflexiones en el an\u00e1lisis comparado de la regi\u00f3n con el top 5 de pa\u00edses innovadores del \u00cdndice Global de Innovaci\u00f3n<\/strong><\/p>\n<p>\u00abEn t\u00e9rminos schumpeterianos, la innovaci\u00f3n tiene lugar cuando de forma discontinua se generan nuevas formas de producci\u00f3n\u00bb.<\/p>\n<p>\ud83e\uddf7 Desde Fundaci\u00f3n Ciudadano Austral y la alianza para Latinoam\u00e9rica Somos Innovaci\u00f3n te invitamos a descargar nuestra minuta sobre el tema en cuesti\u00f3n en el siguiente enlace:<\/p>\n<p><a href=\"https:\/\/drive.google.com\/file\/d\/1ew3W12fUUB49lIA5dtu2Y8jTn3wACo5c\/view?usp=sharing\">005 REFLEXIONES EN EL AN\u00c1LISIS COMPARADO DE LA REGI\u00d3N CON EL TOP 5 DE PA\u00cdSES INNOVADORES DEL \u00cdNDICE GLOBAL DE INNOVACI\u00d3N<\/a><\/p>\n<p>&nbsp;<\/p>\n","protected":false},"excerpt":{"rendered":"<p>\ud83d\udce3 [IMPERDIBLE] 001 Regulaciones y Salud P\u00fablica, Una aproximaci\u00f3n al Cigarrillo Electr\u00f3nico. \u00abNuevos productos se muestran como alternativas a dejar de fumar. Los denominados cigarrillos electr\u00f3nicos han estado en discusi\u00f3n durante los \u00faltimos a\u00f1os respecto a su regulaci\u00f3n y c\u00f3mo &#8216;de una u otra manera&#8217; pueden afectar a la salud p\u00fablica en Chile\u00bb<\/p>\n","protected":false},"author":1,"featured_media":0,"parent":0,"menu_order":0,"comment_status":"closed","ping_status":"closed","template":"","meta":{"footnotes":""},"class_list":["post-4746","page","type-page","status-publish","hentry"],"aioseo_notices":[],"_links":{"self":[{"href":"https:\/\/ciudadanoaustral.org\/web\/wp-json\/wp\/v2\/pages\/4746","targetHints":{"allow":["GET"]}}],"collection":[{"href":"https:\/\/ciudadanoaustral.org\/web\/wp-json\/wp\/v2\/pages"}],"about":[{"href":"https:\/\/ciudadanoaustral.org\/web\/wp-json\/wp\/v2\/types\/page"}],"author":[{"embeddable":true,"href":"https:\/\/ciudadanoaustral.org\/web\/wp-json\/wp\/v2\/users\/1"}],"replies":[{"embeddable":true,"href":"https:\/\/ciudadanoaustral.org\/web\/wp-json\/wp\/v2\/comments?post=4746"}],"version-history":[{"count":10,"href":"https:\/\/ciudadanoaustral.org\/web\/wp-json\/wp\/v2\/pages\/4746\/revisions"}],"predecessor-version":[{"id":4895,"href":"https:\/\/ciudadanoaustral.org\/web\/wp-json\/wp\/v2\/pages\/4746\/revisions\/4895"}],"wp:attachment":[{"href":"https:\/\/ciudadanoaustral.org\/web\/wp-json\/wp\/v2\/media?parent=4746"}],"curies":[{"name":"wp","href":"https:\/\/api.w.org\/{rel}","templated":true}]}}