{"id":3353,"date":"2016-06-19T23:53:33","date_gmt":"2016-06-19T23:53:33","guid":{"rendered":"http:\/\/chiloestreaming.com\/ciudadano\/wordpress\/?page_id=3353"},"modified":"2017-03-14T02:04:20","modified_gmt":"2017-03-14T02:04:20","slug":"testimonios","status":"publish","type":"page","link":"https:\/\/ciudadanoaustral.org\/web\/testimonios\/","title":{"rendered":"Testimonios"},"content":{"rendered":"<div class=\"gdlr-shortcode-wrapper\"><div class=\"gdlr-testimonial-item-wrapper\" ><div class=\"clear\"><\/div><div class=\"four columns\"><div class=\"gdlr-item gdlr-testimonial-item box-style\"><div class=\"gdlr-ux gdlr-testimonial-ux\"><div class=\"testimonial-item\"><div class=\"testimonial-item-inner gdlr-skin-box\"><div class=\"testimonial-content gdlr-skin-content\"><p>\u00abLa Fundaci\u00f3n Ciudadano Austral fomenta algo que es carente en todos los sectores de nuestra sociedad, la cultura, ayudando a la informaci\u00f3n y educaci\u00f3n y en ello ser, no solo cr\u00edticos, sino adem\u00e1s ser part\u00edcipes constructivos de un cambio en cada rinc\u00f3n de las zonas m\u00e1s australes de nuestro pa\u00eds.\u00bb<em>\u00a0<\/em><\/p>\n<\/div><div class=\"testimonial-info\"><span class=\"testimonial-author gdlr-skin-link-color\">C\u00e9sar Castillo<\/span><span class=\"testimonial-position gdlr-skin-info\"><span>, <\/span>puertovarino y estudiante de Ciencia Pol\u00edtica y Relaciones Internacionales en la Universidad Alberto Hurtado.<\/span><\/div><div class=\"testimonial-author-image gdlr-skin-border\" ><img decoding=\"async\" src=\"http:\/\/chiloestreaming.com\/ciudadano\/wordpress\/wp-content\/uploads\/2016\/06\/Cesar-Castillo.jpg\" alt=\"\"  \/><\/div><\/div><\/div><\/div><\/div><\/div><div class=\"four columns\"><div class=\"gdlr-item gdlr-testimonial-item box-style\"><div class=\"gdlr-ux gdlr-testimonial-ux\"><div class=\"testimonial-item\"><div class=\"testimonial-item-inner gdlr-skin-box\"><div class=\"testimonial-content gdlr-skin-content\"><p>\u00abFelicito a los jovenes profesionales chilotes que forman este centro de ideas y\/o estudio. Creo que le da la altura que requiere el debatir. Sin necesidad de estar de acuerdo con sus planteamientos es importante su visi\u00f3n sobre los temas locales, regionales y nacionales.En definitiva dignos de imitar.\u00bb<em>\u00a0<\/em><\/p>\n<\/div><div class=\"testimonial-info\"><span class=\"testimonial-author gdlr-skin-link-color\">Nelson \u00c1guila Serpa<\/span><span class=\"testimonial-position gdlr-skin-info\"><span>, <\/span>Ex Alcalde de Castro<\/span><\/div><div class=\"testimonial-author-image gdlr-skin-border\" ><img decoding=\"async\" src=\"http:\/\/ciudadanoaustral.org\/web\/wp-content\/uploads\/2016\/06\/Nelson-A\u0301guila.jpg\" alt=\"\"  \/><\/div><\/div><\/div><\/div><\/div><\/div><div class=\"four columns\"><div class=\"gdlr-item gdlr-testimonial-item box-style\"><div class=\"gdlr-ux gdlr-testimonial-ux\"><div class=\"testimonial-item\"><div class=\"testimonial-item-inner gdlr-skin-box\"><div class=\"testimonial-content gdlr-skin-content\"><p>\u00abCiudadano Austral constituye el basti\u00f3n del sur de Chile en la incansable defensa de la libertad. Integrada adem\u00e1s por un valioso grupo humano, cuya dedicaci\u00f3n queda plasmada en cada una de sus actividades y charlas\u00bb.<em>\u00a0<\/em><\/p>\n<\/div><div class=\"testimonial-info\"><span class=\"testimonial-author gdlr-skin-link-color\">Katherine Montealegre<\/span><span class=\"testimonial-position gdlr-skin-info\"><span>, <\/span>puertomontina y estudiante de Derecho, Universidad Santo Tom\u00e1s Puerto Montt<\/span><\/div><div class=\"testimonial-author-image gdlr-skin-border\" ><img decoding=\"async\" src=\"http:\/\/chiloestreaming.com\/ciudadano\/wordpress\/wp-content\/uploads\/2016\/06\/1-Katherine-Montealegre.jpg\" alt=\"\"  \/><\/div><\/div><\/div><\/div><\/div><\/div><div class=\"clear\"><\/div><div class=\"four columns\"><div class=\"gdlr-item gdlr-testimonial-item box-style\"><div class=\"gdlr-ux gdlr-testimonial-ux\"><div class=\"testimonial-item\"><div class=\"testimonial-item-inner gdlr-skin-box\"><div class=\"testimonial-content gdlr-skin-content\"><p>\u00abNavegando en aguas turbulentas Ciudadano Austral se ha convertido en una piedra angular en la defensa y promoci\u00f3n de las ideas de la libertad en el sur de Chile; desde Valdivia, donde he asistido a numerosas actividades de su organizaci\u00f3n, han ayudado a la descentralizaci\u00f3n de las discusiones, siempre aportando a quienes nos interesamos por hacer de Chile un pa\u00eds m\u00e1s justo y menos estatista\u00bb.<em>\u00a0<\/em><\/p>\n<\/div><div class=\"testimonial-info\"><span class=\"testimonial-author gdlr-skin-link-color\">Vilenka Z\u00fa\u00f1iga<\/span><span class=\"testimonial-position gdlr-skin-info\"><span>, <\/span>ancuditana, Arquitecto, Universidad Austral de Chile<\/span><\/div><div class=\"testimonial-author-image gdlr-skin-border\" ><img decoding=\"async\" src=\"http:\/\/ciudadanoaustral.org\/web\/wp-content\/uploads\/2016\/06\/4-Vilenka-Zun%CC%83iga.jpg\" alt=\"\"  \/><\/div><\/div><\/div><\/div><\/div><\/div><div class=\"clear\"><\/div><\/div><\/div>\n","protected":false},"excerpt":{"rendered":"","protected":false},"author":1,"featured_media":0,"parent":0,"menu_order":0,"comment_status":"closed","ping_status":"closed","template":"","meta":{"footnotes":""},"class_list":["post-3353","page","type-page","status-publish","hentry"],"aioseo_notices":[],"_links":{"self":[{"href":"https:\/\/ciudadanoaustral.org\/web\/wp-json\/wp\/v2\/pages\/3353","targetHints":{"allow":["GET"]}}],"collection":[{"href":"https:\/\/ciudadanoaustral.org\/web\/wp-json\/wp\/v2\/pages"}],"about":[{"href":"https:\/\/ciudadanoaustral.org\/web\/wp-json\/wp\/v2\/types\/page"}],"author":[{"embeddable":true,"href":"https:\/\/ciudadanoaustral.org\/web\/wp-json\/wp\/v2\/users\/1"}],"replies":[{"embeddable":true,"href":"https:\/\/ciudadanoaustral.org\/web\/wp-json\/wp\/v2\/comments?post=3353"}],"version-history":[{"count":10,"href":"https:\/\/ciudadanoaustral.org\/web\/wp-json\/wp\/v2\/pages\/3353\/revisions"}],"predecessor-version":[{"id":3943,"href":"https:\/\/ciudadanoaustral.org\/web\/wp-json\/wp\/v2\/pages\/3353\/revisions\/3943"}],"wp:attachment":[{"href":"https:\/\/ciudadanoaustral.org\/web\/wp-json\/wp\/v2\/media?parent=3353"}],"curies":[{"name":"wp","href":"https:\/\/api.w.org\/{rel}","templated":true}]}}